{"id":233,"date":"2019-03-17T10:28:12","date_gmt":"2019-03-17T10:28:12","guid":{"rendered":"http:\/\/jenphotography.de\/?page_id=233"},"modified":"2020-10-18T16:51:36","modified_gmt":"2020-10-18T16:51:36","slug":"impressum-2","status":"publish","type":"page","link":"https:\/\/www.jenphotography.de\/?page_id=233","title":{"rendered":"Impressum"},"content":{"rendered":"\n<p>Jen.Photography<\/p>\n\n\n\n<p>Inhaberin:<br>Jennifer Raidt<br>72108 Rottenburg a.N<\/p>\n\n\n\n<p>Kontakt<br>E-Mail: info(at)jenphotography.de<\/p>\n\n\n\n<p>Urheberrecht:<br>Die durch den Seitenbetreiber erstellten Inhalte und Werke auf dieser Seite unterliegen dem deutschen Urheberrecht. Die Vervielf\u00e4ltigung, Bearbeitung, Verbreitung und jede Art der Verwertung au\u00dferhalb der Grenzen des Urheberrechtes bed\u00fcrfen der schriftlichen Zustimmung des jeweiligen Autors bzw. Erstellers. Zugestimmten Downloads und Kopien dieser Seite sind nur f\u00fcr den privaten, nicht kommerziellen Gebrauch gestattet. Zudem ist darauf zu Achten, dass die Bildrechte kenntlich gemacht werden!&nbsp;<br>Soweit die Inhalte auf dieser Seite nicht vom Betreiber erstellt wurden, werden die Urheberrechte Dritter beachtet. Insbesondere werden Inhalte Dritter als solche gekennzeichnet.&nbsp;<br>Sollten Sie trotzdem auf eine Urheberrechtsverletzung aufmerksam werden, bitte ich um einen entsprechenden Hinweis. Bei Bekanntwerden von Rechtsverletzungen werde ich derartige Inhalte umgehend entfernen.<\/p>\n","protected":false},"excerpt":{"rendered":"<p>Jen.Photography Inhaberin:Jennifer Raidt72108 Rottenburg a.N KontaktE-Mail: info(at)jenphotography.de Urheberrecht:Die durch den Seitenbetreiber erstellten Inhalte und Werke auf dieser Seite unterliegen dem deutschen Urheberrecht. Die Vervielf\u00e4ltigung, Bearbeitung, Verbreitung und jede Art der Verwertung au\u00dferhalb der Grenzen des Urheberrechtes bed\u00fcrfen der schriftlichen Zustimmung des jeweiligen Autors bzw. Erstellers. Zugestimmten Downloads und Kopien dieser Seite sind nur f\u00fcr den [&hellip;]<\/p>\n","protected":false},"author":1,"featured_media":0,"parent":0,"menu_order":0,"comment_status":"closed","ping_status":"closed","template":"","meta":[],"_links":{"self":[{"href":"https:\/\/www.jenphotography.de\/index.php?rest_route=\/wp\/v2\/pages\/233"}],"collection":[{"href":"https:\/\/www.jenphotography.de\/index.php?rest_route=\/wp\/v2\/pages"}],"about":[{"href":"https:\/\/www.jenphotography.de\/index.php?rest_route=\/wp\/v2\/types\/page"}],"author":[{"embeddable":true,"href":"https:\/\/www.jenphotography.de\/index.php?rest_route=\/wp\/v2\/users\/1"}],"replies":[{"embeddable":true,"href":"https:\/\/www.jenphotography.de\/index.php?rest_route=%2Fwp%2Fv2%2Fcomments&post=233"}],"version-history":[{"count":11,"href":"https:\/\/www.jenphotography.de\/index.php?rest_route=\/wp\/v2\/pages\/233\/revisions"}],"predecessor-version":[{"id":920,"href":"https:\/\/www.jenphotography.de\/index.php?rest_route=\/wp\/v2\/pages\/233\/revisions\/920"}],"wp:attachment":[{"href":"https:\/\/www.jenphotography.de\/index.php?rest_route=%2Fwp%2Fv2%2Fmedia&parent=233"}],"curies":[{"name":"wp","href":"https:\/\/api.w.org\/{rel}","templated":true}]}}